{"id":706,"date":"2019-06-11T15:51:17","date_gmt":"2019-06-11T13:51:17","guid":{"rendered":"https:\/\/www.resiliencepart.es\/contacto\/"},"modified":"2026-04-01T13:52:18","modified_gmt":"2026-04-01T11:52:18","slug":"contact","status":"publish","type":"page","link":"https:\/\/www.resiliencepart.com\/en\/contact\/","title":{"rendered":"Contact"},"content":{"rendered":"\t\t<div data-elementor-type=\"wp-post\" data-elementor-id=\"706\" class=\"elementor elementor-706 elementor-29\" data-elementor-post-type=\"page\">\n\t\t\t\t\t\t<section class=\"elementor-section elementor-top-section elementor-element elementor-element-bcfb58e elementor-section-height-min-height elementor-section-items-bottom elementor-section-boxed elementor-section-height-default\" data-id=\"bcfb58e\" data-element_type=\"section\" data-e-type=\"section\" data-settings=\"{&quot;background_background&quot;:&quot;classic&quot;}\">\n\t\t\t\t\t\t\t<div class=\"elementor-background-overlay\"><\/div>\n\t\t\t\t\t\t\t<div class=\"elementor-container elementor-column-gap-default\">\n\t\t\t\t\t<div class=\"elementor-column elementor-col-50 elementor-top-column elementor-element elementor-element-21d2668\" data-id=\"21d2668\" data-element_type=\"column\" data-e-type=\"column\">\n\t\t\t<div class=\"elementor-widget-wrap elementor-element-populated\">\n\t\t\t\t\t\t<div class=\"elementor-element elementor-element-bf3d4a4 elementor-widget elementor-widget-heading\" data-id=\"bf3d4a4\" data-element_type=\"widget\" data-e-type=\"widget\" data-widget_type=\"heading.default\">\n\t\t\t\t<div class=\"elementor-widget-container\">\n\t\t\t\t\t<h1 class=\"elementor-heading-title elementor-size-default\">Contacte con nosotros<\/h1>\t\t\t\t<\/div>\n\t\t\t\t<\/div>\n\t\t\t\t\t<\/div>\n\t\t<\/div>\n\t\t\t\t<div class=\"elementor-column elementor-col-50 elementor-top-column elementor-element elementor-element-3dcc974\" data-id=\"3dcc974\" data-element_type=\"column\" data-e-type=\"column\">\n\t\t\t<div class=\"elementor-widget-wrap\">\n\t\t\t\t\t\t\t<\/div>\n\t\t<\/div>\n\t\t\t\t\t<\/div>\n\t\t<\/section>\n\t\t\t\t<section class=\"elementor-section elementor-top-section elementor-element elementor-element-918d250 elementor-reverse-tablet elementor-reverse-mobile elementor-section-boxed elementor-section-height-default elementor-section-height-default\" data-id=\"918d250\" data-element_type=\"section\" data-e-type=\"section\" data-settings=\"{&quot;shape_divider_top&quot;:&quot;tilt&quot;}\">\n\t\t\t\t\t<div class=\"elementor-shape elementor-shape-top\" aria-hidden=\"true\" data-negative=\"false\">\n\t\t\t<svg xmlns=\"http:\/\/www.w3.org\/2000\/svg\" viewBox=\"0 0 1000 100\" preserveAspectRatio=\"none\">\n\t<path class=\"elementor-shape-fill\" d=\"M0,6V0h1000v100L0,6z\"\/>\n<\/svg>\t\t<\/div>\n\t\t\t\t\t<div class=\"elementor-container elementor-column-gap-wider\">\n\t\t\t\t\t<div class=\"elementor-column elementor-col-50 elementor-top-column elementor-element elementor-element-1cb319c elementor-invisible\" data-id=\"1cb319c\" data-element_type=\"column\" data-e-type=\"column\" data-settings=\"{&quot;animation&quot;:&quot;fadeIn&quot;,&quot;background_background&quot;:&quot;classic&quot;}\">\n\t\t\t<div class=\"elementor-widget-wrap elementor-element-populated\">\n\t\t\t\t\t\t<div class=\"elementor-element elementor-element-ba12806 elementor-widget elementor-widget-heading\" data-id=\"ba12806\" data-element_type=\"widget\" data-e-type=\"widget\" data-widget_type=\"heading.default\">\n\t\t\t\t<div class=\"elementor-widget-container\">\n\t\t\t\t\t<h3 class=\"elementor-heading-title elementor-size-default\">Resilience Partners<\/h3>\t\t\t\t<\/div>\n\t\t\t\t<\/div>\n\t\t\t\t<div class=\"elementor-element elementor-element-102b236 elementor-widget elementor-widget-text-editor\" data-id=\"102b236\" data-element_type=\"widget\" data-e-type=\"widget\" data-widget_type=\"text-editor.default\">\n\t\t\t\t<div class=\"elementor-widget-container\">\n\t\t\t\t\t\t\t\t\t<p>Maria de Molina, 54, 5\u00ba<br>28006, Madrid, Spain<br>contact_us@resiliencepart.com<\/p>\t\t\t\t\t\t\t\t<\/div>\n\t\t\t\t<\/div>\n\t\t\t\t<div class=\"elementor-element elementor-element-47d9500 elementor-shape-square e-grid-align-left elementor-grid-0 elementor-widget elementor-widget-social-icons\" data-id=\"47d9500\" data-element_type=\"widget\" data-e-type=\"widget\" data-widget_type=\"social-icons.default\">\n\t\t\t\t<div class=\"elementor-widget-container\">\n\t\t\t\t\t\t\t<div class=\"elementor-social-icons-wrapper elementor-grid\">\n\t\t\t\t\t\t\t<span class=\"elementor-grid-item\">\n\t\t\t\t\t<a class=\"elementor-icon elementor-social-icon elementor-social-icon-linkedin elementor-repeater-item-a4b59f6\" href=\"https:\/\/www.linkedin.com\/company\/resilience-partners-s-l-?trk=cws-cpw-coname-0-0\" target=\"_blank\">\n\t\t\t\t\t\t<span class=\"elementor-screen-only\">Linkedin<\/span>\n\t\t\t\t\t\t\t\t\t\t\t\t\t<i class=\"fa fa-linkedin\" aria-hidden=\"true\"><\/i>\n\t\t\t\t\t\t\t\t\t\t\t<\/a>\n\t\t\t\t<\/span>\n\t\t\t\t\t<\/div>\n\t\t\t\t\t\t<\/div>\n\t\t\t\t<\/div>\n\t\t\t\t\t<\/div>\n\t\t<\/div>\n\t\t\t\t<div class=\"elementor-column elementor-col-50 elementor-top-column elementor-element elementor-element-aa1a210\" data-id=\"aa1a210\" data-element_type=\"column\" data-e-type=\"column\" data-settings=\"{&quot;background_background&quot;:&quot;classic&quot;}\">\n\t\t\t<div class=\"elementor-widget-wrap elementor-element-populated\">\n\t\t\t\t\t\t<div class=\"elementor-element elementor-element-46c68ea elementor-widget-divider--view-line elementor-invisible elementor-widget elementor-widget-divider\" data-id=\"46c68ea\" data-element_type=\"widget\" data-e-type=\"widget\" data-settings=\"{&quot;_animation&quot;:&quot;fadeInRight&quot;}\" data-widget_type=\"divider.default\">\n\t\t\t\t<div class=\"elementor-widget-container\">\n\t\t\t\t\t\t\t<div class=\"elementor-divider\">\n\t\t\t<span class=\"elementor-divider-separator\">\n\t\t\t\t\t\t<\/span>\n\t\t<\/div>\n\t\t\t\t\t\t<\/div>\n\t\t\t\t<\/div>\n\t\t\t\t<div class=\"elementor-element elementor-element-f62d8a3 elementor-widget elementor-widget-heading\" data-id=\"f62d8a3\" data-element_type=\"widget\" data-e-type=\"widget\" data-widget_type=\"heading.default\">\n\t\t\t\t<div class=\"elementor-widget-container\">\n\t\t\t\t\t<h3 class=\"elementor-heading-title elementor-size-default\">Formulario<\/h3>\t\t\t\t<\/div>\n\t\t\t\t<\/div>\n\t\t\t\t<div class=\"elementor-element elementor-element-3ecfbff elementor-button-align-start elementor-widget elementor-widget-form\" data-id=\"3ecfbff\" data-element_type=\"widget\" data-e-type=\"widget\" data-settings=\"{&quot;step_next_label&quot;:&quot;Siguiente&quot;,&quot;step_previous_label&quot;:&quot;Anterior&quot;,&quot;button_width&quot;:&quot;100&quot;,&quot;step_type&quot;:&quot;number_text&quot;,&quot;step_icon_shape&quot;:&quot;circle&quot;}\" data-widget_type=\"form.default\">\n\t\t\t\t<div class=\"elementor-widget-container\">\n\t\t\t\t\t\t\t<form class=\"elementor-form\" method=\"post\" name=\"New Form\" aria-label=\"New Form\">\n\t\t\t<input type=\"hidden\" name=\"post_id\" value=\"706\"\/>\n\t\t\t<input type=\"hidden\" name=\"form_id\" value=\"3ecfbff\"\/>\n\t\t\t<input type=\"hidden\" name=\"referer_title\" value=\"Contact - Resilience Partners\" \/>\n\n\t\t\t\t\t\t\t<input type=\"hidden\" name=\"queried_id\" value=\"706\"\/>\n\t\t\t\n\t\t\t<div class=\"elementor-form-fields-wrapper elementor-labels-\">\n\t\t\t\t\t\t\t\t<div class=\"elementor-field-type-text elementor-field-group elementor-column elementor-field-group-name elementor-col-100\">\n\t\t\t\t\t\t\t\t\t\t\t\t<label for=\"form-field-name\" class=\"elementor-field-label elementor-screen-only\">\n\t\t\t\t\t\t\t\tName\t\t\t\t\t\t\t<\/label>\n\t\t\t\t\t\t\t\t\t\t\t\t\t\t<input size=\"1\" type=\"text\" name=\"form_fields[name]\" id=\"form-field-name\" class=\"elementor-field elementor-size-sm  elementor-field-textual\" placeholder=\"Nombre\">\n\t\t\t\t\t\t\t\t\t\t\t<\/div>\n\t\t\t\t\t\t\t\t<div class=\"elementor-field-type-email elementor-field-group elementor-column elementor-field-group-email elementor-col-100 elementor-field-required\">\n\t\t\t\t\t\t\t\t\t\t\t\t<label for=\"form-field-email\" class=\"elementor-field-label elementor-screen-only\">\n\t\t\t\t\t\t\t\tEmail\t\t\t\t\t\t\t<\/label>\n\t\t\t\t\t\t\t\t\t\t\t\t\t\t<input size=\"1\" type=\"email\" name=\"form_fields[email]\" id=\"form-field-email\" class=\"elementor-field elementor-size-sm  elementor-field-textual\" placeholder=\"Email\" required=\"required\">\n\t\t\t\t\t\t\t\t\t\t\t<\/div>\n\t\t\t\t\t\t\t\t<div class=\"elementor-field-type-textarea elementor-field-group elementor-column elementor-field-group-message elementor-col-100\">\n\t\t\t\t\t\t\t\t\t\t\t\t<label for=\"form-field-message\" class=\"elementor-field-label elementor-screen-only\">\n\t\t\t\t\t\t\t\tMessage\t\t\t\t\t\t\t<\/label>\n\t\t\t\t\t\t<textarea class=\"elementor-field-textual elementor-field  elementor-size-sm\" name=\"form_fields[message]\" id=\"form-field-message\" rows=\"4\" placeholder=\"Mensaje\"><\/textarea>\t\t\t\t<\/div>\n\t\t\t\t\t\t\t\t<div class=\"elementor-field-type-acceptance elementor-field-group elementor-column elementor-field-group-15bc3a4 elementor-col-100 elementor-field-required\">\n\t\t\t\t\t\t\t<div class=\"elementor-field-subgroup\">\n\t\t\t<span class=\"elementor-field-option\">\n\t\t\t\t<input type=\"checkbox\" name=\"form_fields[15bc3a4]\" id=\"form-field-15bc3a4\" class=\"elementor-field elementor-size-sm  elementor-acceptance-field\" required=\"required\">\n\t\t\t\t<label for=\"form-field-15bc3a4\">He le\u00eddo y acepto la <a href=\"\/aviso-legal\/\"> pol\u00edtica de privacidad y aviso legal<\/a><\/label>\t\t\t<\/span>\n\t\t<\/div>\n\t\t\t\t\t\t<\/div>\n\t\t\t\t\t\t\t\t<div class=\"elementor-field-group elementor-column elementor-field-type-submit elementor-col-100 e-form__buttons\">\n\t\t\t\t\t<button class=\"elementor-button elementor-size-sm\" type=\"submit\">\n\t\t\t\t\t\t<span class=\"elementor-button-content-wrapper\">\n\t\t\t\t\t\t\t\t\t\t\t\t\t\t\t\t\t\t\t\t\t\t<span class=\"elementor-button-text\">Enviar<\/span>\n\t\t\t\t\t\t\t\t\t\t\t\t\t<\/span>\n\t\t\t\t\t<\/button>\n\t\t\t\t<\/div>\n\t\t\t<\/div>\n\t\t<\/form>\n\t\t\t\t\t\t<\/div>\n\t\t\t\t<\/div>\n\t\t\t\t<div class=\"elementor-element elementor-element-339873b elementor-widget elementor-widget-toggle\" data-id=\"339873b\" data-element_type=\"widget\" data-e-type=\"widget\" data-widget_type=\"toggle.default\">\n\t\t\t\t<div class=\"elementor-widget-container\">\n\t\t\t\t\t\t\t<div class=\"elementor-toggle\">\n\t\t\t\t\t\t\t<div class=\"elementor-toggle-item\">\n\t\t\t\t\t<div id=\"elementor-tab-title-5411\" class=\"elementor-tab-title\" data-tab=\"1\" role=\"button\" aria-controls=\"elementor-tab-content-5411\" aria-expanded=\"false\">\n\t\t\t\t\t\t\t\t\t\t\t\t<span class=\"elementor-toggle-icon elementor-toggle-icon-left\" aria-hidden=\"true\">\n\t\t\t\t\t\t\t\t\t\t\t\t\t\t\t<span class=\"elementor-toggle-icon-closed\"><i class=\"fas fa-caret-right\"><\/i><\/span>\n\t\t\t\t\t\t\t\t<span class=\"elementor-toggle-icon-opened\"><i class=\"elementor-toggle-icon-opened fas fa-caret-up\"><\/i><\/span>\n\t\t\t\t\t\t\t\t\t\t\t\t\t<\/span>\n\t\t\t\t\t\t\t\t\t\t\t\t<a class=\"elementor-toggle-title\" tabindex=\"0\">Antes de enviar el formulario, debes leer la informaci\u00f3n b\u00e1sica sobre protecci\u00f3n de datos aqu\u00ed.<\/a>\n\t\t\t\t\t<\/div>\n\n\t\t\t\t\t<div id=\"elementor-tab-content-5411\" class=\"elementor-tab-content elementor-clearfix\" data-tab=\"1\" role=\"region\" aria-labelledby=\"elementor-tab-title-5411\"><p>Informaci\u00f3n b\u00e1sica sobre protecci\u00f3n de datos:<\/p>\n<ul>\n<li><strong>Responsable:\u00a0<\/strong>Resilience Partners S.L<\/li>\n<li><strong>Finalidad:\u00a0<\/strong>responder a tu consulta.<\/li>\n<li><strong>Legitimaci\u00f3n:\u00a0<\/strong>tu consentimiento a trav\u00e9s de este formulario.<\/li>\n<li><strong>Destinatarios: <\/strong>no tenemos previsto ceder sus datos a terceros, salvo por obligaci\u00f3n legal.\u00a0<\/li>\n<li><strong>Derechos:\u00a0<\/strong>tienes derecho a acceder, rectificar, suprimir, portabilidad y oposici\u00f3n a tus datos. Los datos de contacto ser\u00e1n almacenados en nuestros servidores.<\/li>\n<li><strong>Info adicional:<\/strong>\u00a0puedes consultar la informaci\u00f3n adicional y detallada sobre protecci\u00f3n de datos en el enlace al pie de esta p\u00e1gina.<\/li>\n<\/ul>\n<\/div>\n\t\t\t\t<\/div>\n\t\t\t\t\t\t\t\t<\/div>\n\t\t\t\t\t\t<\/div>\n\t\t\t\t<\/div>\n\t\t\t\t\t<\/div>\n\t\t<\/div>\n\t\t\t\t\t<\/div>\n\t\t<\/section>\n\t\t\t\t<\/div>\n\t\t","protected":false},"excerpt":{"rendered":"<p>Contacte con nosotros Resilience Partners Maria de Molina, 54, 5\u00ba28006, Madrid, Spaincontact_us@resiliencepart.com Linkedin Formulario Antes de enviar el formulario, debes leer la informaci\u00f3n b\u00e1sica sobre protecci\u00f3n de datos aqu\u00ed. Informaci\u00f3n b\u00e1sica sobre protecci\u00f3n de datos: Responsable:\u00a0Resilience Partners S.L Finalidad:\u00a0responder a tu consulta. Legitimaci\u00f3n:\u00a0tu consentimiento a trav\u00e9s de este formulario. Destinatarios: no tenemos previsto ceder sus &#8230; <a title=\"Contact\" class=\"read-more\" href=\"https:\/\/www.resiliencepart.com\/en\/contact\/\" aria-label=\"Read more about Contact\">Read more<\/a><\/p>\n","protected":false},"author":1,"featured_media":0,"parent":0,"menu_order":0,"comment_status":"closed","ping_status":"closed","template":"elementor_header_footer","meta":{"footnotes":""},"class_list":["post-706","page","type-page","status-publish"],"yoast_head":"<!-- This site is optimized with the Yoast SEO plugin v27.3 - https:\/\/yoast.com\/product\/yoast-seo-wordpress\/ -->\n<title>Contact - Resilience Partners<\/title>\n<meta name=\"robots\" content=\"index, follow, max-snippet:-1, max-image-preview:large, max-video-preview:-1\" \/>\n<link rel=\"canonical\" href=\"https:\/\/www.resiliencepart.com\/contacto\/\" \/>\n<meta property=\"og:locale\" content=\"en_US\" \/>\n<meta property=\"og:type\" content=\"article\" \/>\n<meta property=\"og:title\" content=\"Contact - Resilience Partners\" \/>\n<meta property=\"og:description\" content=\"Contacte con nosotros Resilience Partners Maria de Molina, 54, 5\u00ba28006, Madrid, Spaincontact_us@resiliencepart.com Linkedin Formulario Antes de enviar el formulario, debes leer la informaci\u00f3n b\u00e1sica sobre protecci\u00f3n de datos aqu\u00ed. Informaci\u00f3n b\u00e1sica sobre protecci\u00f3n de datos: Responsable:\u00a0Resilience Partners S.L Finalidad:\u00a0responder a tu consulta. Legitimaci\u00f3n:\u00a0tu consentimiento a trav\u00e9s de este formulario. Destinatarios: no tenemos previsto ceder sus ... Read more\" \/>\n<meta property=\"og:url\" content=\"https:\/\/www.resiliencepart.com\/contacto\/\" \/>\n<meta property=\"og:site_name\" content=\"Resilience Partners\" \/>\n<meta property=\"article:modified_time\" content=\"2026-04-01T11:52:18+00:00\" \/>\n<meta name=\"twitter:card\" content=\"summary_large_image\" \/>\n<meta name=\"twitter:label1\" content=\"Est. reading time\" \/>\n\t<meta name=\"twitter:data1\" content=\"1 minute\" \/>\n<script type=\"application\/ld+json\" class=\"yoast-schema-graph\">{\"@context\":\"https:\\\/\\\/schema.org\",\"@graph\":[{\"@type\":\"WebPage\",\"@id\":\"https:\\\/\\\/www.resiliencepart.com\\\/contacto\\\/\",\"url\":\"https:\\\/\\\/www.resiliencepart.com\\\/contacto\\\/\",\"name\":\"Contact - Resilience Partners\",\"isPartOf\":{\"@id\":\"https:\\\/\\\/www.resiliencepart.com\\\/#website\"},\"datePublished\":\"2019-06-11T13:51:17+00:00\",\"dateModified\":\"2026-04-01T11:52:18+00:00\",\"breadcrumb\":{\"@id\":\"https:\\\/\\\/www.resiliencepart.com\\\/contacto\\\/#breadcrumb\"},\"inLanguage\":\"en-US\",\"potentialAction\":[{\"@type\":\"ReadAction\",\"target\":[\"https:\\\/\\\/www.resiliencepart.com\\\/contacto\\\/\"]}]},{\"@type\":\"BreadcrumbList\",\"@id\":\"https:\\\/\\\/www.resiliencepart.com\\\/contacto\\\/#breadcrumb\",\"itemListElement\":[{\"@type\":\"ListItem\",\"position\":1,\"name\":\"Home\",\"item\":\"https:\\\/\\\/www.resiliencepart.com\\\/en\\\/\"},{\"@type\":\"ListItem\",\"position\":2,\"name\":\"Contact\"}]},{\"@type\":\"WebSite\",\"@id\":\"https:\\\/\\\/www.resiliencepart.com\\\/#website\",\"url\":\"https:\\\/\\\/www.resiliencepart.com\\\/\",\"name\":\"Resilience Partners\",\"description\":\"Soluciones de financiaci\u00f3n flexibles\",\"publisher\":{\"@id\":\"https:\\\/\\\/www.resiliencepart.com\\\/#organization\"},\"potentialAction\":[{\"@type\":\"SearchAction\",\"target\":{\"@type\":\"EntryPoint\",\"urlTemplate\":\"https:\\\/\\\/www.resiliencepart.com\\\/?s={search_term_string}\"},\"query-input\":{\"@type\":\"PropertyValueSpecification\",\"valueRequired\":true,\"valueName\":\"search_term_string\"}}],\"inLanguage\":\"en-US\"},{\"@type\":\"Organization\",\"@id\":\"https:\\\/\\\/www.resiliencepart.com\\\/#organization\",\"name\":\"Resilience Partners\",\"url\":\"https:\\\/\\\/www.resiliencepart.com\\\/\",\"logo\":{\"@type\":\"ImageObject\",\"inLanguage\":\"en-US\",\"@id\":\"https:\\\/\\\/www.resiliencepart.com\\\/#\\\/schema\\\/logo\\\/image\\\/\",\"url\":\"https:\\\/\\\/www.resiliencepart.es\\\/wp-content\\\/uploads\\\/cropped-logo-resilience-partners.png\",\"contentUrl\":\"https:\\\/\\\/www.resiliencepart.es\\\/wp-content\\\/uploads\\\/cropped-logo-resilience-partners.png\",\"width\":995,\"height\":199,\"caption\":\"Resilience Partners\"},\"image\":{\"@id\":\"https:\\\/\\\/www.resiliencepart.com\\\/#\\\/schema\\\/logo\\\/image\\\/\"}}]}<\/script>\n<!-- \/ Yoast SEO plugin. -->","yoast_head_json":{"title":"Contact - Resilience Partners","robots":{"index":"index","follow":"follow","max-snippet":"max-snippet:-1","max-image-preview":"max-image-preview:large","max-video-preview":"max-video-preview:-1"},"canonical":"https:\/\/www.resiliencepart.com\/contacto\/","og_locale":"en_US","og_type":"article","og_title":"Contact - Resilience Partners","og_description":"Contacte con nosotros Resilience Partners Maria de Molina, 54, 5\u00ba28006, Madrid, Spaincontact_us@resiliencepart.com Linkedin Formulario Antes de enviar el formulario, debes leer la informaci\u00f3n b\u00e1sica sobre protecci\u00f3n de datos aqu\u00ed. Informaci\u00f3n b\u00e1sica sobre protecci\u00f3n de datos: Responsable:\u00a0Resilience Partners S.L Finalidad:\u00a0responder a tu consulta. Legitimaci\u00f3n:\u00a0tu consentimiento a trav\u00e9s de este formulario. Destinatarios: no tenemos previsto ceder sus ... Read more","og_url":"https:\/\/www.resiliencepart.com\/contacto\/","og_site_name":"Resilience Partners","article_modified_time":"2026-04-01T11:52:18+00:00","twitter_card":"summary_large_image","twitter_misc":{"Est. reading time":"1 minute"},"schema":{"@context":"https:\/\/schema.org","@graph":[{"@type":"WebPage","@id":"https:\/\/www.resiliencepart.com\/contacto\/","url":"https:\/\/www.resiliencepart.com\/contacto\/","name":"Contact - Resilience Partners","isPartOf":{"@id":"https:\/\/www.resiliencepart.com\/#website"},"datePublished":"2019-06-11T13:51:17+00:00","dateModified":"2026-04-01T11:52:18+00:00","breadcrumb":{"@id":"https:\/\/www.resiliencepart.com\/contacto\/#breadcrumb"},"inLanguage":"en-US","potentialAction":[{"@type":"ReadAction","target":["https:\/\/www.resiliencepart.com\/contacto\/"]}]},{"@type":"BreadcrumbList","@id":"https:\/\/www.resiliencepart.com\/contacto\/#breadcrumb","itemListElement":[{"@type":"ListItem","position":1,"name":"Home","item":"https:\/\/www.resiliencepart.com\/en\/"},{"@type":"ListItem","position":2,"name":"Contact"}]},{"@type":"WebSite","@id":"https:\/\/www.resiliencepart.com\/#website","url":"https:\/\/www.resiliencepart.com\/","name":"Resilience Partners","description":"Soluciones de financiaci\u00f3n flexibles","publisher":{"@id":"https:\/\/www.resiliencepart.com\/#organization"},"potentialAction":[{"@type":"SearchAction","target":{"@type":"EntryPoint","urlTemplate":"https:\/\/www.resiliencepart.com\/?s={search_term_string}"},"query-input":{"@type":"PropertyValueSpecification","valueRequired":true,"valueName":"search_term_string"}}],"inLanguage":"en-US"},{"@type":"Organization","@id":"https:\/\/www.resiliencepart.com\/#organization","name":"Resilience Partners","url":"https:\/\/www.resiliencepart.com\/","logo":{"@type":"ImageObject","inLanguage":"en-US","@id":"https:\/\/www.resiliencepart.com\/#\/schema\/logo\/image\/","url":"https:\/\/www.resiliencepart.es\/wp-content\/uploads\/cropped-logo-resilience-partners.png","contentUrl":"https:\/\/www.resiliencepart.es\/wp-content\/uploads\/cropped-logo-resilience-partners.png","width":995,"height":199,"caption":"Resilience Partners"},"image":{"@id":"https:\/\/www.resiliencepart.com\/#\/schema\/logo\/image\/"}}]}},"_links":{"self":[{"href":"https:\/\/www.resiliencepart.com\/en\/wp-json\/wp\/v2\/pages\/706","targetHints":{"allow":["GET"]}}],"collection":[{"href":"https:\/\/www.resiliencepart.com\/en\/wp-json\/wp\/v2\/pages"}],"about":[{"href":"https:\/\/www.resiliencepart.com\/en\/wp-json\/wp\/v2\/types\/page"}],"author":[{"embeddable":true,"href":"https:\/\/www.resiliencepart.com\/en\/wp-json\/wp\/v2\/users\/1"}],"replies":[{"embeddable":true,"href":"https:\/\/www.resiliencepart.com\/en\/wp-json\/wp\/v2\/comments?post=706"}],"version-history":[{"count":20,"href":"https:\/\/www.resiliencepart.com\/en\/wp-json\/wp\/v2\/pages\/706\/revisions"}],"predecessor-version":[{"id":8613,"href":"https:\/\/www.resiliencepart.com\/en\/wp-json\/wp\/v2\/pages\/706\/revisions\/8613"}],"wp:attachment":[{"href":"https:\/\/www.resiliencepart.com\/en\/wp-json\/wp\/v2\/media?parent=706"}],"curies":[{"name":"wp","href":"https:\/\/api.w.org\/{rel}","templated":true}]}}