{"id":690,"date":"2019-06-11T15:51:33","date_gmt":"2019-06-11T13:51:33","guid":{"rendered":"https:\/\/www.resiliencepart.es\/aviso-legal\/"},"modified":"2019-07-16T09:14:24","modified_gmt":"2019-07-16T07:14:24","slug":"legal-warning","status":"publish","type":"page","link":"https:\/\/www.resiliencepart.com\/en\/legal-warning\/","title":{"rendered":"Legal Warning"},"content":{"rendered":"\t\t<div data-elementor-type=\"wp-post\" data-elementor-id=\"690\" class=\"elementor elementor-690 elementor-31\" data-elementor-post-type=\"page\">\n\t\t\t\t\t\t<section class=\"elementor-section elementor-top-section elementor-element elementor-element-26115af elementor-section-height-min-height elementor-section-items-bottom elementor-section-boxed elementor-section-height-default\" data-id=\"26115af\" data-element_type=\"section\" data-e-type=\"section\" data-settings=\"{&quot;background_background&quot;:&quot;classic&quot;}\">\n\t\t\t\t\t\t\t<div class=\"elementor-background-overlay\"><\/div>\n\t\t\t\t\t\t\t<div class=\"elementor-container elementor-column-gap-default\">\n\t\t\t\t\t<div class=\"elementor-column elementor-col-50 elementor-top-column elementor-element elementor-element-66b0f2a\" data-id=\"66b0f2a\" data-element_type=\"column\" data-e-type=\"column\">\n\t\t\t<div class=\"elementor-widget-wrap elementor-element-populated\">\n\t\t\t\t\t\t<div class=\"elementor-element elementor-element-4eb4fa1 elementor-widget elementor-widget-heading\" data-id=\"4eb4fa1\" data-element_type=\"widget\" data-e-type=\"widget\" data-widget_type=\"heading.default\">\n\t\t\t\t<div class=\"elementor-widget-container\">\n\t\t\t\t\t<h1 class=\"elementor-heading-title elementor-size-default\">Legal Warning<\/h1>\t\t\t\t<\/div>\n\t\t\t\t<\/div>\n\t\t\t\t\t<\/div>\n\t\t<\/div>\n\t\t\t\t<div class=\"elementor-column elementor-col-50 elementor-top-column elementor-element elementor-element-e8d8678\" data-id=\"e8d8678\" data-element_type=\"column\" data-e-type=\"column\">\n\t\t\t<div class=\"elementor-widget-wrap\">\n\t\t\t\t\t\t\t<\/div>\n\t\t<\/div>\n\t\t\t\t\t<\/div>\n\t\t<\/section>\n\t\t\t\t<section class=\"elementor-section elementor-top-section elementor-element elementor-element-9489fa8 elementor-section-boxed elementor-section-height-default elementor-section-height-default\" data-id=\"9489fa8\" data-element_type=\"section\" data-e-type=\"section\">\n\t\t\t\t\t\t<div class=\"elementor-container elementor-column-gap-default\">\n\t\t\t\t\t<div class=\"elementor-column elementor-col-100 elementor-top-column elementor-element elementor-element-c88fd0c\" data-id=\"c88fd0c\" data-element_type=\"column\" data-e-type=\"column\">\n\t\t\t<div class=\"elementor-widget-wrap elementor-element-populated\">\n\t\t\t\t\t\t<div class=\"elementor-element elementor-element-ffaf2b4 elementor-widget elementor-widget-text-editor\" data-id=\"ffaf2b4\" data-element_type=\"widget\" data-e-type=\"widget\" data-widget_type=\"text-editor.default\">\n\t\t\t\t<div class=\"elementor-widget-container\">\n\t\t\t\t\t\t\t\t\t<h3><strong>1. INFORMACI\u00d3N GENERAL<\/strong><\/h3><p>Para dar cumplimiento a lo establecido en la Ley 34\/2002, de 11 de julio, de Servicios de la Sociedad de la Informaci\u00f3n y de Comercio Electr\u00f3nico (LSSI), a continuaci\u00f3n se indican los datos de informaci\u00f3n general de este sitio web:<\/p><ul><li style=\"list-style-type: none;\"><ul><li>Titular: RESILIENCE PARTNERS, S.L.<\/li><li>Domicilio: Maria de Molina, 39 (8\u00ba) 28006 &#8211; Madrid<\/li><li>Contacto: info@resilencepart.com<\/li><li>Datos registrales: Registro mercantil de Madrid, tomo 31287, folio 1, inscripci\u00f3n 1 , hoja M563147.<\/li><li>C.I.F: B-86775350<\/li><\/ul><\/li><\/ul><p>Accesible a trav\u00e9s de las url: www.resiliencepart.com<\/p><h3><strong>2. CONDICI\u00d3N DE USUARIO<\/strong><\/h3><p>El acceso y\/o uso de este sitio web (en adelante \u201cnuestro sitio\u201d) atribuye a quien lo realiza la condici\u00f3n de usuario. Dicho usuario acepta, sin reserva alguna, desde el momento mismo del acceso, todas las condiciones de uso, ya sean generales o particulares, en relaci\u00f3n con los contenidos y\/o servicios prestados por nuestro sitio.<\/p><h3><strong>3. CONDICIONES DE ACCESO Y USO<\/strong><\/h3><p>El acceso a este sitio comporta la lectura previa por parte de cualquier usuario de las<br \/>condiciones generales incluidas en este apartado (en adelante, \u201clas Condiciones\u201d). Mediante el acceso y utilizaci\u00f3n de nuestro sitio se entiende que el usuario manifiesta su acuerdo, de forma expresa, plena y sin reserva, al contenido global del mismo en el momento de su acceso.<\/p><p>Si el usuario no estuviese de acuerdo con las Condiciones, deber\u00e1 abstenerse de acceder a nuestro sitio y\/u operar a trav\u00e9s de \u00e9l. RESILIENCE PARTNERS, S.L., como titular de dicho sitio, se reserva el derecho de modificar las Condiciones advirtiendo de dichos cambios a los usuarios.<\/p><p>El acceso general a nuestro sitio tiene car\u00e1cter gratuito y su visualizaci\u00f3n no requiere de suscripci\u00f3n o registro alguno. El usuario se compromete a acceder y a utilizar nuestro sitio los contenidos y\/o servicios que en \u00e9l encuentre sin contravenir la legislaci\u00f3n vigente. As\u00ed mismo, el usuario se compromete a no usar nuestro sitio con fines il\u00edcitos o lesivos.<\/p><p>Este sitio web contiene materiales preparados por RESILIENCE PARTNERS, S.L., con fines \u00fanicamente informativos. Los enlaces o links que contiene este sitio web pueden conducir al usuario a otros sitios y p\u00e1ginas web gestionados por terceros, sobre las que RESILIENCE PARTNERS, S.L., no ejerce ning\u00fan tipo de control. RESILIENCE PARTNERS, S.L., no responde ni de los contenidos ni del estado de dichos sitios y p\u00e1ginas web, y el acceso a las mismas a trav\u00e9s de este sitio web tampoco implica que RESILIENCE PARTNERS, S.L., recomiende o apruebe sus contenidos.<\/p><h3><strong>4. CONDICIONES RESPECTO AL CONTENIDO.<\/strong><\/h3><p><strong>4.1- Derechos de Propiedad Intelectual<\/strong><\/p><p>La totalidad del contenido de este sitio web, ya sean textos, im\u00e1genes, sonido, ficheros, marcas, logotipos, combinaciones de colores, o cualquier otro elemento, su estructura y dise\u00f1o, la selecci\u00f3n y forma de presentaci\u00f3n de los materiales incluidos en la misma, y los programas de ordenador necesarios para su funcionamiento, acceso y utilizaci\u00f3n, est\u00e1n protegidos por derechos de propiedad industrial e intelectual, titularidad de RESILIENCE PARTNERS, S.L o, en su caso, de sus licenciantes, que el usuario de este sitio web debe respetar.<\/p><p>En particular, pero sin limitar la generalidad de la obligaci\u00f3n del usuario expresada en el p\u00e1rrafo anterior, quedan prohibidas la reproducci\u00f3n, excepto para uso privado, la transformaci\u00f3n, distribuci\u00f3n, comunicaci\u00f3n p\u00fablica, puesta a disposici\u00f3n del p\u00fablico y en general cualquier otra forma de explotaci\u00f3n, por cualquier procedimiento, de todo o parte de los contenidos de este sitio web, as\u00ed como de su dise\u00f1o y la selecci\u00f3n y forma de presentaci\u00f3n de los materiales incluidos en la misma. Estos actos de explotaci\u00f3n s\u00f3lo podr\u00e1n ser realizados si media la autorizaci\u00f3n expresa de RESILIENCE PARTNERS, S.L y siempre que se haga referencia expl\u00edcita a la titularidad de RESILIENCE PARTNERS, S.L de los indicados derechos de<br \/>propiedad intelectual.<\/p><p>Queda asimismo prohibido descompilar, desensamblar, realizar ingenier\u00eda inversa, sublicenciar o transmitir de cualquier modo, traducir o realizar obras derivadas de los programas de ordenador necesarios para el funcionamiento, acceso y utilizaci\u00f3n de este sitio web y de los servicios en ella contenidos, as\u00ed como realizar, respecto a todo o parte de tales programas, cualesquiera de los actos de explotaci\u00f3n referidos en el p\u00e1rrafo anterior. El usuario del sitio web deber\u00e1 abstenerse en todo caso de suprimir, alterar, eludir o manipular cualquiera dispositivos de protecci\u00f3n o sistemas de seguridad que puedan estar instalados en la mism<\/p><p><strong>3.2.- Limitaci\u00f3n de responsabilidad<\/strong><\/p><p>Quien utiliza este sitio web, lo hace por su propia cuenta y riesgo RESILIENCE PARTNERS, S.L, sus socios, colaboradores, empleados y representantes no se responsabilizan de los errores u omisiones de los que pudieran adolecer los contenidos este sitio web u otros contenidos a los que se pueda acceder a trav\u00e9s de la misma. RESILIENCE PARTNERS, S.L, sus socios, colaboradores, empleados y representantes tampoco podr\u00e1n ser considerados responsables por cualesquiera da\u00f1os derivados de la utilizaci\u00f3n de este sitio web, ni por cualquier actuaci\u00f3n<br \/>realizada sobre la base de la informaci\u00f3n que en ella se facilita.<\/p><p>RESILIENCE PARTNERS, S.L, no garantiza la ausencia de virus u otros elementos lesivos que pudieran causar da\u00f1os o alteraciones en el sistema inform\u00e1tico, en los documentos electr\u00f3nicos o en los ficheros del usuario de este sitio web. En consecuencia, RESILIENCE PARTNERS, S.L., no responde por los da\u00f1os y perjuicios que tales elementos pudieran ocasionar al usuario o a terceros.<\/p><h3><strong>5. DURACI\u00d3N<\/strong><\/h3><p>La duraci\u00f3n de la prestaci\u00f3n del servicio web www.resiliencepart.com es indefinido.<br \/>RESILIENCE PARTNERS, S.L, se reserva, sin perjuicio de lo anterior, el derecho a interrumpir, suspender o terminar la prestaci\u00f3n de este servicio o de cualesquiera que se integran en el sitio www.resiliencepart.com.<\/p><h3><strong>6. JURISDICCI\u00d3N Y LEGISLACI\u00d3N APLICABLE<\/strong><\/h3><p>Las presentes Condiciones se regir\u00e1n por lo dispuesto en la legislaci\u00f3n espa\u00f1ola.<br \/>En el caso de que se produzca cualquier discrepancia o controversia con motivo de la<br \/>interpretaci\u00f3n o la aplicaci\u00f3n de las presentes Condiciones o del contenido del sitio web, en general, RESILIENCE PARTNERS, S.L, y el usuario, con renuncia expresa a cualquier otro fuero que pudiera corresponderles, se someten a la jurisdicci\u00f3n de los Juzgados y Tribunales de Madrid.<\/p>\t\t\t\t\t\t\t\t<\/div>\n\t\t\t\t<\/div>\n\t\t\t\t\t<\/div>\n\t\t<\/div>\n\t\t\t\t\t<\/div>\n\t\t<\/section>\n\t\t\t\t<\/div>\n\t\t","protected":false},"excerpt":{"rendered":"<p>Legal Warning 1. INFORMACI\u00d3N GENERAL Para dar cumplimiento a lo establecido en la Ley 34\/2002, de 11 de julio, de Servicios de la Sociedad de la Informaci\u00f3n y de Comercio Electr\u00f3nico (LSSI), a continuaci\u00f3n se indican los datos de informaci\u00f3n general de este sitio web: Titular: RESILIENCE PARTNERS, S.L. Domicilio: Maria de Molina, 39 (8\u00ba) &#8230; <a title=\"Legal Warning\" class=\"read-more\" href=\"https:\/\/www.resiliencepart.com\/en\/legal-warning\/\" aria-label=\"Read more about Legal Warning\">Read more<\/a><\/p>\n","protected":false},"author":1,"featured_media":0,"parent":0,"menu_order":0,"comment_status":"closed","ping_status":"closed","template":"elementor_header_footer","meta":{"footnotes":""},"class_list":["post-690","page","type-page","status-publish"],"yoast_head":"<!-- This site is optimized with the Yoast SEO plugin v27.4 - https:\/\/yoast.com\/product\/yoast-seo-wordpress\/ -->\n<title>Legal Warning - Resilience Partners<\/title>\n<meta name=\"robots\" content=\"noindex, follow\" \/>\n<meta property=\"og:locale\" content=\"en_US\" \/>\n<meta property=\"og:type\" content=\"article\" \/>\n<meta property=\"og:title\" content=\"Legal Warning - Resilience Partners\" \/>\n<meta property=\"og:description\" content=\"Legal Warning 1. INFORMACI\u00d3N GENERAL Para dar cumplimiento a lo establecido en la Ley 34\/2002, de 11 de julio, de Servicios de la Sociedad de la Informaci\u00f3n y de Comercio Electr\u00f3nico (LSSI), a continuaci\u00f3n se indican los datos de informaci\u00f3n general de este sitio web: Titular: RESILIENCE PARTNERS, S.L. Domicilio: Maria de Molina, 39 (8\u00ba) ... Read more\" \/>\n<meta property=\"og:url\" content=\"https:\/\/www.resiliencepart.com\/en\/legal-warning\/\" \/>\n<meta property=\"og:site_name\" content=\"Resilience Partners\" \/>\n<meta property=\"article:modified_time\" content=\"2019-07-16T07:14:24+00:00\" \/>\n<meta name=\"twitter:card\" content=\"summary_large_image\" \/>\n<meta name=\"twitter:label1\" content=\"Est. reading time\" \/>\n\t<meta name=\"twitter:data1\" content=\"5 minutes\" \/>\n<script type=\"application\/ld+json\" class=\"yoast-schema-graph\">{\"@context\":\"https:\\\/\\\/schema.org\",\"@graph\":[{\"@type\":\"WebPage\",\"@id\":\"https:\\\/\\\/www.resiliencepart.com\\\/en\\\/legal-warning\\\/\",\"url\":\"https:\\\/\\\/www.resiliencepart.com\\\/en\\\/legal-warning\\\/\",\"name\":\"Legal Warning - Resilience Partners\",\"isPartOf\":{\"@id\":\"https:\\\/\\\/www.resiliencepart.com\\\/#website\"},\"datePublished\":\"2019-06-11T13:51:33+00:00\",\"dateModified\":\"2019-07-16T07:14:24+00:00\",\"breadcrumb\":{\"@id\":\"https:\\\/\\\/www.resiliencepart.com\\\/en\\\/legal-warning\\\/#breadcrumb\"},\"inLanguage\":\"en-US\",\"potentialAction\":[{\"@type\":\"ReadAction\",\"target\":[\"https:\\\/\\\/www.resiliencepart.com\\\/en\\\/legal-warning\\\/\"]}]},{\"@type\":\"BreadcrumbList\",\"@id\":\"https:\\\/\\\/www.resiliencepart.com\\\/en\\\/legal-warning\\\/#breadcrumb\",\"itemListElement\":[{\"@type\":\"ListItem\",\"position\":1,\"name\":\"Home\",\"item\":\"https:\\\/\\\/www.resiliencepart.com\\\/en\\\/\"},{\"@type\":\"ListItem\",\"position\":2,\"name\":\"Legal Warning\"}]},{\"@type\":\"WebSite\",\"@id\":\"https:\\\/\\\/www.resiliencepart.com\\\/#website\",\"url\":\"https:\\\/\\\/www.resiliencepart.com\\\/\",\"name\":\"Resilience Partners\",\"description\":\"Soluciones de financiaci\u00f3n flexibles\",\"publisher\":{\"@id\":\"https:\\\/\\\/www.resiliencepart.com\\\/#organization\"},\"potentialAction\":[{\"@type\":\"SearchAction\",\"target\":{\"@type\":\"EntryPoint\",\"urlTemplate\":\"https:\\\/\\\/www.resiliencepart.com\\\/?s={search_term_string}\"},\"query-input\":{\"@type\":\"PropertyValueSpecification\",\"valueRequired\":true,\"valueName\":\"search_term_string\"}}],\"inLanguage\":\"en-US\"},{\"@type\":\"Organization\",\"@id\":\"https:\\\/\\\/www.resiliencepart.com\\\/#organization\",\"name\":\"Resilience Partners\",\"url\":\"https:\\\/\\\/www.resiliencepart.com\\\/\",\"logo\":{\"@type\":\"ImageObject\",\"inLanguage\":\"en-US\",\"@id\":\"https:\\\/\\\/www.resiliencepart.com\\\/#\\\/schema\\\/logo\\\/image\\\/\",\"url\":\"https:\\\/\\\/www.resiliencepart.es\\\/wp-content\\\/uploads\\\/cropped-logo-resilience-partners.png\",\"contentUrl\":\"https:\\\/\\\/www.resiliencepart.es\\\/wp-content\\\/uploads\\\/cropped-logo-resilience-partners.png\",\"width\":995,\"height\":199,\"caption\":\"Resilience Partners\"},\"image\":{\"@id\":\"https:\\\/\\\/www.resiliencepart.com\\\/#\\\/schema\\\/logo\\\/image\\\/\"}}]}<\/script>\n<!-- \/ Yoast SEO plugin. -->","yoast_head_json":{"title":"Legal Warning - Resilience Partners","robots":{"index":"noindex","follow":"follow"},"og_locale":"en_US","og_type":"article","og_title":"Legal Warning - Resilience Partners","og_description":"Legal Warning 1. INFORMACI\u00d3N GENERAL Para dar cumplimiento a lo establecido en la Ley 34\/2002, de 11 de julio, de Servicios de la Sociedad de la Informaci\u00f3n y de Comercio Electr\u00f3nico (LSSI), a continuaci\u00f3n se indican los datos de informaci\u00f3n general de este sitio web: Titular: RESILIENCE PARTNERS, S.L. Domicilio: Maria de Molina, 39 (8\u00ba) ... Read more","og_url":"https:\/\/www.resiliencepart.com\/en\/legal-warning\/","og_site_name":"Resilience Partners","article_modified_time":"2019-07-16T07:14:24+00:00","twitter_card":"summary_large_image","twitter_misc":{"Est. reading time":"5 minutes"},"schema":{"@context":"https:\/\/schema.org","@graph":[{"@type":"WebPage","@id":"https:\/\/www.resiliencepart.com\/en\/legal-warning\/","url":"https:\/\/www.resiliencepart.com\/en\/legal-warning\/","name":"Legal Warning - Resilience Partners","isPartOf":{"@id":"https:\/\/www.resiliencepart.com\/#website"},"datePublished":"2019-06-11T13:51:33+00:00","dateModified":"2019-07-16T07:14:24+00:00","breadcrumb":{"@id":"https:\/\/www.resiliencepart.com\/en\/legal-warning\/#breadcrumb"},"inLanguage":"en-US","potentialAction":[{"@type":"ReadAction","target":["https:\/\/www.resiliencepart.com\/en\/legal-warning\/"]}]},{"@type":"BreadcrumbList","@id":"https:\/\/www.resiliencepart.com\/en\/legal-warning\/#breadcrumb","itemListElement":[{"@type":"ListItem","position":1,"name":"Home","item":"https:\/\/www.resiliencepart.com\/en\/"},{"@type":"ListItem","position":2,"name":"Legal Warning"}]},{"@type":"WebSite","@id":"https:\/\/www.resiliencepart.com\/#website","url":"https:\/\/www.resiliencepart.com\/","name":"Resilience Partners","description":"Soluciones de financiaci\u00f3n flexibles","publisher":{"@id":"https:\/\/www.resiliencepart.com\/#organization"},"potentialAction":[{"@type":"SearchAction","target":{"@type":"EntryPoint","urlTemplate":"https:\/\/www.resiliencepart.com\/?s={search_term_string}"},"query-input":{"@type":"PropertyValueSpecification","valueRequired":true,"valueName":"search_term_string"}}],"inLanguage":"en-US"},{"@type":"Organization","@id":"https:\/\/www.resiliencepart.com\/#organization","name":"Resilience Partners","url":"https:\/\/www.resiliencepart.com\/","logo":{"@type":"ImageObject","inLanguage":"en-US","@id":"https:\/\/www.resiliencepart.com\/#\/schema\/logo\/image\/","url":"https:\/\/www.resiliencepart.es\/wp-content\/uploads\/cropped-logo-resilience-partners.png","contentUrl":"https:\/\/www.resiliencepart.es\/wp-content\/uploads\/cropped-logo-resilience-partners.png","width":995,"height":199,"caption":"Resilience Partners"},"image":{"@id":"https:\/\/www.resiliencepart.com\/#\/schema\/logo\/image\/"}}]}},"_links":{"self":[{"href":"https:\/\/www.resiliencepart.com\/en\/wp-json\/wp\/v2\/pages\/690","targetHints":{"allow":["GET"]}}],"collection":[{"href":"https:\/\/www.resiliencepart.com\/en\/wp-json\/wp\/v2\/pages"}],"about":[{"href":"https:\/\/www.resiliencepart.com\/en\/wp-json\/wp\/v2\/types\/page"}],"author":[{"embeddable":true,"href":"https:\/\/www.resiliencepart.com\/en\/wp-json\/wp\/v2\/users\/1"}],"replies":[{"embeddable":true,"href":"https:\/\/www.resiliencepart.com\/en\/wp-json\/wp\/v2\/comments?post=690"}],"version-history":[{"count":6,"href":"https:\/\/www.resiliencepart.com\/en\/wp-json\/wp\/v2\/pages\/690\/revisions"}],"predecessor-version":[{"id":697,"href":"https:\/\/www.resiliencepart.com\/en\/wp-json\/wp\/v2\/pages\/690\/revisions\/697"}],"wp:attachment":[{"href":"https:\/\/www.resiliencepart.com\/en\/wp-json\/wp\/v2\/media?parent=690"}],"curies":[{"name":"wp","href":"https:\/\/api.w.org\/{rel}","templated":true}]}}